{"id":45917,"date":"2022-05-26T19:45:36","date_gmt":"2022-05-26T19:45:36","guid":{"rendered":"https:\/\/capitalsouthrealestate.com\/?page_id=45917"},"modified":"2023-06-09T04:55:52","modified_gmt":"2023-06-09T04:55:52","slug":"a-propos-de-la-societe","status":"publish","type":"page","link":"https:\/\/capitalsouth.xyz\/fr\/a-propos-de-la-societe\/","title":{"rendered":"\u00e0 propos de la soci\u00e9t\u00e9"},"content":{"rendered":"\t\t<div data-elementor-type=\"wp-page\" data-elementor-id=\"45917\" class=\"elementor elementor-45917 elementor-44478\">\n\t\t\t\t\t\t<section class=\"elementor-section elementor-top-section elementor-element elementor-element-854bb78 elementor-section-height-min-height elementor-section-content-bottom elementor-section-stretched elementor-section-boxed elementor-section-height-default elementor-section-items-middle\" data-id=\"854bb78\" data-element_type=\"section\" data-settings=\"{&quot;stretch_section&quot;:&quot;section-stretched&quot;,&quot;background_background&quot;:&quot;classic&quot;}\">\n\t\t\t\t\t\t<div class=\"elementor-container elementor-column-gap-default\">\n\t\t\t\t\t<div class=\"elementor-column elementor-col-100 elementor-top-column elementor-element elementor-element-cb332de\" data-id=\"cb332de\" data-element_type=\"column\">\n\t\t\t<div class=\"elementor-widget-wrap elementor-element-populated\">\n\t\t\t\t\t\t<div class=\"elementor-element elementor-element-ad19399 elementor-widget elementor-widget-heading\" data-id=\"ad19399\" data-element_type=\"widget\" data-widget_type=\"heading.default\">\n\t\t\t\t<div class=\"elementor-widget-container\">\n\t\t\t\t\t<h2 class=\"elementor-heading-title elementor-size-default\">\u00e0 propos de nous<\/h2>\t\t\t\t<\/div>\n\t\t\t\t<\/div>\n\t\t\t\t\t<\/div>\n\t\t<\/div>\n\t\t\t\t\t<\/div>\n\t\t<\/section>\n\t\t\t\t<section class=\"elementor-section elementor-top-section elementor-element elementor-element-1c5f400 elementor-section-boxed elementor-section-height-default elementor-section-height-default\" data-id=\"1c5f400\" data-element_type=\"section\">\n\t\t\t\t\t\t<div class=\"elementor-container elementor-column-gap-default\">\n\t\t\t\t\t<div class=\"elementor-column elementor-col-100 elementor-top-column elementor-element elementor-element-f579b05\" data-id=\"f579b05\" data-element_type=\"column\">\n\t\t\t<div class=\"elementor-widget-wrap elementor-element-populated\">\n\t\t\t\t\t\t<div class=\"elementor-element elementor-element-307c87b animated-slow elementor-invisible elementor-widget elementor-widget-heading\" data-id=\"307c87b\" data-element_type=\"widget\" data-settings=\"{&quot;_animation&quot;:&quot;fadeIn&quot;}\" data-widget_type=\"heading.default\">\n\t\t\t\t<div class=\"elementor-widget-container\">\n\t\t\t\t\t<h1 class=\"elementor-heading-title elementor-size-default\">Nous Capital South<\/h1>\t\t\t\t<\/div>\n\t\t\t\t<\/div>\n\t\t\t\t<div class=\"elementor-element elementor-element-fb9c567 animated-slow elementor-invisible elementor-widget elementor-widget-heading\" data-id=\"fb9c567\" data-element_type=\"widget\" data-settings=\"{&quot;_animation&quot;:&quot;fadeIn&quot;}\" data-widget_type=\"heading.default\">\n\t\t\t\t<div class=\"elementor-widget-container\">\n\t\t\t\t\t<div class=\"elementor-heading-title elementor-size-default\">Capital South Real Estate LLC est une soci\u00e9t\u00e9 immobili\u00e8re r\u00e9put\u00e9e bas\u00e9e \u00e0 Duba\u00ef, sp\u00e9cialis\u00e9e dans le march\u00e9 dynamique des \u00c9mirats arabes unis. Forts d'une exp\u00e9rience de trois ans, nous nous sommes impos\u00e9s comme un partenaire de confiance pour les clients \u00e0 la recherche de solutions immobili\u00e8res d'exception.\n<\/div>\t\t\t\t<\/div>\n\t\t\t\t<\/div>\n\t\t\t\t\t<\/div>\n\t\t<\/div>\n\t\t\t\t\t<\/div>\n\t\t<\/section>\n\t\t\t\t<section class=\"elementor-section elementor-top-section elementor-element elementor-element-bbdae96 elementor-section-stretched elementor-section-boxed elementor-section-height-default elementor-section-height-default\" data-id=\"bbdae96\" data-element_type=\"section\" data-settings=\"{&quot;stretch_section&quot;:&quot;section-stretched&quot;,&quot;background_background&quot;:&quot;classic&quot;}\">\n\t\t\t\t\t\t<div class=\"elementor-container elementor-column-gap-default\">\n\t\t\t\t\t<div class=\"elementor-column elementor-col-50 elementor-top-column elementor-element elementor-element-716fb47\" data-id=\"716fb47\" data-element_type=\"column\">\n\t\t\t<div class=\"elementor-widget-wrap elementor-element-populated\">\n\t\t\t\t\t\t<div class=\"elementor-element elementor-element-1534a7b elementor-widget elementor-widget-heading\" data-id=\"1534a7b\" data-element_type=\"widget\" data-widget_type=\"heading.default\">\n\t\t\t\t<div class=\"elementor-widget-container\">\n\t\t\t\t\t<h2 class=\"elementor-heading-title elementor-size-default\">Vision d'entreprise<\/h2>\t\t\t\t<\/div>\n\t\t\t\t<\/div>\n\t\t\t\t<div class=\"elementor-element elementor-element-6af3221 elementor-widget elementor-widget-text-editor\" data-id=\"6af3221\" data-element_type=\"widget\" data-widget_type=\"text-editor.default\">\n\t\t\t\t<div class=\"elementor-widget-container\">\n\t\t\t\t\t\t\t\t\t<p>Notre objectif principal est d&#8217;offrir une gamme compl\u00e8te de services qui r\u00e9pondent aux diff\u00e9rents aspects de l&#8217;industrie immobili\u00e8re. Nous excellons dans la fourniture d&#8217;une expertise dans les propri\u00e9t\u00e9s sur plan, les propri\u00e9t\u00e9s pr\u00eates \u00e0 l&#8217;emploi, ainsi que dans la facilitation des services d&#8217;achat, de vente et de gestion immobili\u00e8re.<\/p><p>Chez Capital South Real Estate, nous comprenons que pour de nombreux clients, trouver la maison de leurs r\u00eaves est plus qu&#8217;une simple opportunit\u00e9 d&#8217;investissement, c&#8217;est un voyage \u00e9motionnel et une vision de leur avenir. Nous nous engageons \u00e0 aider nos clients \u00e0 transformer leurs r\u00eaves en r\u00e9alit\u00e9 en identifiant les propri\u00e9t\u00e9s qui correspondent \u00e0 leur style de vie, leurs pr\u00e9f\u00e9rences et leurs aspirations.<\/p>\t\t\t\t\t\t\t\t<\/div>\n\t\t\t\t<\/div>\n\t\t\t\t\t<\/div>\n\t\t<\/div>\n\t\t\t\t<div class=\"elementor-column elementor-col-50 elementor-top-column elementor-element elementor-element-19a794c\" data-id=\"19a794c\" data-element_type=\"column\">\n\t\t\t<div class=\"elementor-widget-wrap elementor-element-populated\">\n\t\t\t\t\t\t<div class=\"elementor-element elementor-element-85c54fe elementor-widget elementor-widget-image\" data-id=\"85c54fe\" data-element_type=\"widget\" data-widget_type=\"image.default\">\n\t\t\t\t<div class=\"elementor-widget-container\">\n\t\t\t\t\t\t\t\t\t\t\t\t\t\t\t<img fetchpriority=\"high\" decoding=\"async\" width=\"600\" height=\"401\" src=\"https:\/\/capitalsouth.xyz\/wp-content\/uploads\/2023\/06\/Capital-South-1.jpg\" class=\"attachment-large size-large wp-image-45923\" alt=\"\" srcset=\"https:\/\/capitalsouth.xyz\/wp-content\/uploads\/2023\/06\/Capital-South-1.jpg 600w, https:\/\/capitalsouth.xyz\/wp-content\/uploads\/2023\/06\/Capital-South-1-300x201.jpg 300w, https:\/\/capitalsouth.xyz\/wp-content\/uploads\/2023\/06\/Capital-South-1-496x331.jpg 496w\" sizes=\"(max-width: 600px) 100vw, 600px\" \/>\t\t\t\t\t\t\t\t\t\t\t\t\t\t\t<\/div>\n\t\t\t\t<\/div>\n\t\t\t\t\t<\/div>\n\t\t<\/div>\n\t\t\t\t\t<\/div>\n\t\t<\/section>\n\t\t\t\t<section class=\"elementor-section elementor-top-section elementor-element elementor-element-0ba4099 elementor-section-stretched elementor-section-boxed elementor-section-height-default elementor-section-height-default\" data-id=\"0ba4099\" data-element_type=\"section\" data-settings=\"{&quot;stretch_section&quot;:&quot;section-stretched&quot;,&quot;background_background&quot;:&quot;classic&quot;}\">\n\t\t\t\t\t\t<div class=\"elementor-container elementor-column-gap-default\">\n\t\t\t\t\t<div class=\"elementor-column elementor-col-50 elementor-top-column elementor-element elementor-element-8059187\" data-id=\"8059187\" data-element_type=\"column\">\n\t\t\t<div class=\"elementor-widget-wrap elementor-element-populated\">\n\t\t\t\t\t\t<div class=\"elementor-element elementor-element-9666563 elementor-widget elementor-widget-image\" data-id=\"9666563\" data-element_type=\"widget\" data-widget_type=\"image.default\">\n\t\t\t\t<div class=\"elementor-widget-container\">\n\t\t\t\t\t\t\t\t\t\t\t\t\t\t\t<img decoding=\"async\" width=\"1024\" height=\"768\" src=\"https:\/\/capitalsouth.xyz\/wp-content\/uploads\/2023\/06\/028-1024x768.jpg\" class=\"attachment-large size-large wp-image-45926\" alt=\"\" srcset=\"https:\/\/capitalsouth.xyz\/wp-content\/uploads\/2023\/06\/028-1024x768.jpg 1024w, https:\/\/capitalsouth.xyz\/wp-content\/uploads\/2023\/06\/028-300x225.jpg 300w, https:\/\/capitalsouth.xyz\/wp-content\/uploads\/2023\/06\/028-768x576.jpg 768w, https:\/\/capitalsouth.xyz\/wp-content\/uploads\/2023\/06\/028-592x444.jpg 592w, https:\/\/capitalsouth.xyz\/wp-content\/uploads\/2023\/06\/028-584x438.jpg 584w, https:\/\/capitalsouth.xyz\/wp-content\/uploads\/2023\/06\/028-800x600.jpg 800w, https:\/\/capitalsouth.xyz\/wp-content\/uploads\/2023\/06\/028-120x90.jpg 120w, https:\/\/capitalsouth.xyz\/wp-content\/uploads\/2023\/06\/028-496x372.jpg 496w, https:\/\/capitalsouth.xyz\/wp-content\/uploads\/2023\/06\/028.jpg 1170w\" sizes=\"(max-width: 1024px) 100vw, 1024px\" \/>\t\t\t\t\t\t\t\t\t\t\t\t\t\t\t<\/div>\n\t\t\t\t<\/div>\n\t\t\t\t\t<\/div>\n\t\t<\/div>\n\t\t\t\t<div class=\"elementor-column elementor-col-50 elementor-top-column elementor-element elementor-element-45f98aa\" data-id=\"45f98aa\" data-element_type=\"column\">\n\t\t\t<div class=\"elementor-widget-wrap elementor-element-populated\">\n\t\t\t\t\t\t<div class=\"elementor-element elementor-element-7585194 elementor-widget elementor-widget-heading\" data-id=\"7585194\" data-element_type=\"widget\" data-widget_type=\"heading.default\">\n\t\t\t\t<div class=\"elementor-widget-container\">\n\t\t\t\t\t<h2 class=\"elementor-heading-title elementor-size-default\">Les objectifs de l'entreprise<\/h2>\t\t\t\t<\/div>\n\t\t\t\t<\/div>\n\t\t\t\t<div class=\"elementor-element elementor-element-bac4791 elementor-widget elementor-widget-text-editor\" data-id=\"bac4791\" data-element_type=\"widget\" data-widget_type=\"text-editor.default\">\n\t\t\t\t<div class=\"elementor-widget-container\">\n\t\t\t\t\t\t\t\t\t<p>Notre \u00e9quipe d\u00e9vou\u00e9e de professionnels de l&#8217;immobilier prend le temps d&#8217;\u00e9couter et de comprendre les besoins et les d\u00e9sirs uniques de nos clients. Qu&#8217;il s&#8217;agisse d&#8217;une villa luxueuse, d&#8217;un appartement \u00e9l\u00e9gant ou d&#8217;une propri\u00e9t\u00e9 sereine au bord de l&#8217;eau, nous pr\u00e9sentons un large \u00e9ventail d&#8217;options qui incarnent l&#8217;essence de la maison de leurs r\u00eaves.<\/p><p>Nous sommes fiers de notre connaissance approfondie du march\u00e9 des \u00c9mirats arabes unis et des diverses communaut\u00e9s qui le composent. Cela nous permet de guider nos clients vers des quartiers qui correspondent \u00e0 leurs pr\u00e9f\u00e9rences de style de vie, tels que des zones urbaines dynamiques, des communaut\u00e9s familiales ou des emplacements sereins en bord de mer.<\/p>\t\t\t\t\t\t\t\t<\/div>\n\t\t\t\t<\/div>\n\t\t\t\t\t<\/div>\n\t\t<\/div>\n\t\t\t\t\t<\/div>\n\t\t<\/section>\n\t\t\t\t<section class=\"elementor-section elementor-top-section elementor-element elementor-element-e5ce577 elementor-section-boxed elementor-section-height-default elementor-section-height-default\" data-id=\"e5ce577\" data-element_type=\"section\" data-settings=\"{&quot;background_background&quot;:&quot;classic&quot;}\">\n\t\t\t\t\t\t<div class=\"elementor-container elementor-column-gap-no\">\n\t\t\t\t\t<div class=\"elementor-column elementor-col-100 elementor-top-column elementor-element elementor-element-69ae93f\" data-id=\"69ae93f\" data-element_type=\"column\">\n\t\t\t<div class=\"elementor-widget-wrap elementor-element-populated\">\n\t\t\t\t\t\t<section class=\"elementor-section elementor-inner-section elementor-element elementor-element-3fae116 elementor-section-full_width elementor-section-content-middle elementor-section-height-default elementor-section-height-default\" data-id=\"3fae116\" data-element_type=\"section\">\n\t\t\t\t\t\t<div class=\"elementor-container elementor-column-gap-default\">\n\t\t\t\t\t<div class=\"elementor-column elementor-col-50 elementor-inner-column elementor-element elementor-element-8d9743b\" data-id=\"8d9743b\" data-element_type=\"column\">\n\t\t\t<div class=\"elementor-widget-wrap elementor-element-populated\">\n\t\t\t\t\t\t<div class=\"elementor-element elementor-element-67ace1a animated-slow elementor-invisible elementor-widget elementor-widget-heading\" data-id=\"67ace1a\" data-element_type=\"widget\" data-settings=\"{&quot;_animation&quot;:&quot;fadeIn&quot;}\" data-widget_type=\"heading.default\">\n\t\t\t\t<div class=\"elementor-widget-container\">\n\t\t\t\t\t<h2 class=\"elementor-heading-title elementor-size-default\">Inscription \u00e0 la Newsletter<\/h2>\t\t\t\t<\/div>\n\t\t\t\t<\/div>\n\t\t\t\t<div class=\"elementor-element elementor-element-4c7a8d4 animated-slow elementor-invisible elementor-widget elementor-widget-heading\" data-id=\"4c7a8d4\" data-element_type=\"widget\" data-settings=\"{&quot;_animation&quot;:&quot;fadeIn&quot;}\" data-widget_type=\"heading.default\">\n\t\t\t\t<div class=\"elementor-widget-container\">\n\t\t\t\t\t<div class=\"elementor-heading-title elementor-size-default\">Restez connect\u00e9 avec les derni\u00e8res mises \u00e0 jour<\/div>\t\t\t\t<\/div>\n\t\t\t\t<\/div>\n\t\t\t\t\t<\/div>\n\t\t<\/div>\n\t\t\t\t<div class=\"elementor-column elementor-col-50 elementor-inner-column elementor-element elementor-element-89cddf4\" data-id=\"89cddf4\" data-element_type=\"column\">\n\t\t\t<div class=\"elementor-widget-wrap elementor-element-populated\">\n\t\t\t\t\t\t<div class=\"elementor-element elementor-element-6518cb4 animated-slow elementor-button-align-stretch elementor-widget elementor-widget-houzez_elementor_contact_form\" data-id=\"6518cb4\" data-element_type=\"widget\" data-settings=\"{&quot;_animation&quot;:&quot;none&quot;}\" data-widget_type=\"houzez_elementor_contact_form.default\">\n\t\t\t\t<div class=\"elementor-widget-container\">\n\t\t\t\t\t\n        <script type=\"application\/javascript\">\n            jQuery(document).bind(\"ready\", function () {\n                houzezValidateElementor(\"#houzez-form-6518cb4\" );\n            });\n        <\/script>\n\n        <form class=\"elementor-form houzez-ele-form-js\" id=\"houzez-form-6518cb4\" method=\"post\" name=\"New Form\" action=\"https:\/\/capitalsouth.xyz\/wp-admin\/admin-ajax.php\">\n            <input type=\"hidden\" name=\"form_id\" value=\"6518cb4\"\/>\n            <input type=\"hidden\" name=\"houzez_contact_form\" value=\"yes\"\/>\n            <input type=\"hidden\" name=\"action\" value=\"houzez_ele_contact_form\" \/>\n            <input type=\"hidden\" name=\"source_link\" value=\"https:\/\/capitalsouth.xyz\/fr\/a-propos-de-la-societe\/\" \/>\n            <input type=\"hidden\" name=\"lead_page_id\" value=\"45917\" \/>\n            <input type=\"hidden\" name=\"webhook\" value=\"\" \/>\n            <input type=\"hidden\" name=\"webhook_url\" value=\"\" \/>\n            <input type=\"hidden\" name=\"redirect_to\" value=\"\" \/>\n            <input type=\"hidden\" name=\"google_recaptcha\" value=\"yes\" \/>\n            \n\n            <div class=\"elementor-form-fields-wrapper elementor-labels-above\">\n\n                                    <div class=\"elementor-field-group elementor-column form-group elementor-field-group-email elementor-col-80 elementor-field-required\">\n                    <label for=\"form-field-email\" class=\"form-label elementor-field-label elementor-screen-only\">Email<\/label><input type=\"email\" name=\"email\" id=\"form-field-email\" class=\"elementor-field form-control elementor-size-lg elementor-field-textual\" placeholder=\"Email\" title=\"* Email\" required=\"required\">                    <\/div>\n\n                    \n                    \n                    \n                                        <div class=\"\">\n                                            <\/div>\n                    \n                    <div class=\"elementor-field-group elementor-column elementor-field-type-submit elementor-col-20\">\n                    <button type=\"submit\" class=\"houzez-submit-button houzez-contact-form-js elementor-button elementor-size-lg\">\n                        <i class=\"houzez-loader-js houzez-hidden spinner-border spinner-border-sm\"><\/i>\n                                                    envoyer                                            <\/button>\n                <\/div>\n            <\/div><!-- End wrapper-->\n            <br\/>\n            <div class=\"ele-form-messages\"><\/div>\n            <div class=\"error-container\"><\/div>\n\n        <\/form>\n\n    \t\t\t\t<\/div>\n\t\t\t\t<\/div>\n\t\t\t\t\t<\/div>\n\t\t<\/div>\n\t\t\t\t\t<\/div>\n\t\t<\/section>\n\t\t\t\t\t<\/div>\n\t\t<\/div>\n\t\t\t\t\t<\/div>\n\t\t<\/section>\n\t\t\t\t<\/div>\n\t\t","protected":false},"excerpt":{"rendered":"<p>\u00e0 propos de nous Nous Capital South Capital South Real Estate LLC est une soci\u00e9t\u00e9 immobili\u00e8re r\u00e9put\u00e9e bas\u00e9e \u00e0 Duba\u00ef, sp\u00e9cialis\u00e9e dans le march\u00e9 dynamique des \u00c9mirats arabes unis. Forts d&#8217;une exp\u00e9rience de trois ans, nous nous sommes impos\u00e9s comme un partenaire de confiance pour les clients \u00e0 la recherche de solutions immobili\u00e8res d&#8217;exception. Vision [&hellip;]<\/p>\n","protected":false},"author":1,"featured_media":0,"parent":0,"menu_order":0,"comment_status":"closed","ping_status":"closed","template":"elementor_header_footer","meta":{"footnotes":""},"class_list":["post-45917","page","type-page","status-publish","hentry"],"yoast_head":"<!-- This site is optimized with the Yoast SEO plugin v25.8 - https:\/\/yoast.com\/wordpress\/plugins\/seo\/ -->\n<title>\u00e0 propos de la soci\u00e9t\u00e9 - Capital South<\/title>\n<meta name=\"robots\" content=\"index, follow, max-snippet:-1, max-image-preview:large, max-video-preview:-1\" \/>\n<link rel=\"canonical\" href=\"https:\/\/capitalsouth.xyz\/fr\/a-propos-de-la-societe\/\" \/>\n<meta property=\"og:locale\" content=\"fr_FR\" \/>\n<meta property=\"og:type\" content=\"article\" \/>\n<meta property=\"og:title\" content=\"\u00e0 propos de la soci\u00e9t\u00e9 - Capital South\" \/>\n<meta property=\"og:description\" content=\"\u00e0 propos de nous Nous Capital South Capital South Real Estate LLC est une soci\u00e9t\u00e9 immobili\u00e8re r\u00e9put\u00e9e bas\u00e9e \u00e0 Duba\u00ef, sp\u00e9cialis\u00e9e dans le march\u00e9 dynamique des \u00c9mirats arabes unis. Forts d&#8217;une exp\u00e9rience de trois ans, nous nous sommes impos\u00e9s comme un partenaire de confiance pour les clients \u00e0 la recherche de solutions immobili\u00e8res d&#8217;exception. Vision [&hellip;]\" \/>\n<meta property=\"og:url\" content=\"https:\/\/capitalsouth.xyz\/fr\/a-propos-de-la-societe\/\" \/>\n<meta property=\"og:site_name\" content=\"Capital South\" \/>\n<meta property=\"article:modified_time\" content=\"2023-06-09T04:55:52+00:00\" \/>\n<meta property=\"og:image\" content=\"https:\/\/capitalsouthrealestate.com\/wp-content\/uploads\/2023\/06\/Capital-South-1.jpg\" \/>\n<meta name=\"twitter:card\" content=\"summary_large_image\" \/>\n<meta name=\"twitter:label1\" content=\"Dur\u00e9e de lecture estim\u00e9e\" \/>\n\t<meta name=\"twitter:data1\" content=\"2 minutes\" \/>\n<script type=\"application\/ld+json\" class=\"yoast-schema-graph\">{\"@context\":\"https:\/\/schema.org\",\"@graph\":[{\"@type\":\"WebPage\",\"@id\":\"https:\/\/capitalsouth.xyz\/fr\/a-propos-de-la-societe\/\",\"url\":\"https:\/\/capitalsouth.xyz\/fr\/a-propos-de-la-societe\/\",\"name\":\"\u00e0 propos de la soci\u00e9t\u00e9 - Capital South\",\"isPartOf\":{\"@id\":\"https:\/\/capitalsouth.xyz\/fr\/#website\"},\"primaryImageOfPage\":{\"@id\":\"https:\/\/capitalsouth.xyz\/fr\/a-propos-de-la-societe\/#primaryimage\"},\"image\":{\"@id\":\"https:\/\/capitalsouth.xyz\/fr\/a-propos-de-la-societe\/#primaryimage\"},\"thumbnailUrl\":\"https:\/\/capitalsouthrealestate.com\/wp-content\/uploads\/2023\/06\/Capital-South-1.jpg\",\"datePublished\":\"2022-05-26T19:45:36+00:00\",\"dateModified\":\"2023-06-09T04:55:52+00:00\",\"breadcrumb\":{\"@id\":\"https:\/\/capitalsouth.xyz\/fr\/a-propos-de-la-societe\/#breadcrumb\"},\"inLanguage\":\"fr-FR\",\"potentialAction\":[{\"@type\":\"ReadAction\",\"target\":[\"https:\/\/capitalsouth.xyz\/fr\/a-propos-de-la-societe\/\"]}]},{\"@type\":\"ImageObject\",\"inLanguage\":\"fr-FR\",\"@id\":\"https:\/\/capitalsouth.xyz\/fr\/a-propos-de-la-societe\/#primaryimage\",\"url\":\"https:\/\/capitalsouthrealestate.com\/wp-content\/uploads\/2023\/06\/Capital-South-1.jpg\",\"contentUrl\":\"https:\/\/capitalsouthrealestate.com\/wp-content\/uploads\/2023\/06\/Capital-South-1.jpg\"},{\"@type\":\"BreadcrumbList\",\"@id\":\"https:\/\/capitalsouth.xyz\/fr\/a-propos-de-la-societe\/#breadcrumb\",\"itemListElement\":[{\"@type\":\"ListItem\",\"position\":1,\"name\":\"Home\",\"item\":\"https:\/\/capitalsouth.xyz\/fr\/\"},{\"@type\":\"ListItem\",\"position\":2,\"name\":\"\u00e0 propos de la soci\u00e9t\u00e9\"}]},{\"@type\":\"WebSite\",\"@id\":\"https:\/\/capitalsouth.xyz\/fr\/#website\",\"url\":\"https:\/\/capitalsouth.xyz\/fr\/\",\"name\":\"Capital South\",\"description\":\"Real Estate Agent\",\"potentialAction\":[{\"@type\":\"SearchAction\",\"target\":{\"@type\":\"EntryPoint\",\"urlTemplate\":\"https:\/\/capitalsouth.xyz\/fr\/?s={search_term_string}\"},\"query-input\":{\"@type\":\"PropertyValueSpecification\",\"valueRequired\":true,\"valueName\":\"search_term_string\"}}],\"inLanguage\":\"fr-FR\"}]}<\/script>\n<!-- \/ Yoast SEO plugin. -->","yoast_head_json":{"title":"\u00e0 propos de la soci\u00e9t\u00e9 - Capital South","robots":{"index":"index","follow":"follow","max-snippet":"max-snippet:-1","max-image-preview":"max-image-preview:large","max-video-preview":"max-video-preview:-1"},"canonical":"https:\/\/capitalsouth.xyz\/fr\/a-propos-de-la-societe\/","og_locale":"fr_FR","og_type":"article","og_title":"\u00e0 propos de la soci\u00e9t\u00e9 - Capital South","og_description":"\u00e0 propos de nous Nous Capital South Capital South Real Estate LLC est une soci\u00e9t\u00e9 immobili\u00e8re r\u00e9put\u00e9e bas\u00e9e \u00e0 Duba\u00ef, sp\u00e9cialis\u00e9e dans le march\u00e9 dynamique des \u00c9mirats arabes unis. Forts d&#8217;une exp\u00e9rience de trois ans, nous nous sommes impos\u00e9s comme un partenaire de confiance pour les clients \u00e0 la recherche de solutions immobili\u00e8res d&#8217;exception. Vision [&hellip;]","og_url":"https:\/\/capitalsouth.xyz\/fr\/a-propos-de-la-societe\/","og_site_name":"Capital South","article_modified_time":"2023-06-09T04:55:52+00:00","og_image":[{"url":"https:\/\/capitalsouthrealestate.com\/wp-content\/uploads\/2023\/06\/Capital-South-1.jpg","type":"","width":"","height":""}],"twitter_card":"summary_large_image","twitter_misc":{"Dur\u00e9e de lecture estim\u00e9e":"2 minutes"},"schema":{"@context":"https:\/\/schema.org","@graph":[{"@type":"WebPage","@id":"https:\/\/capitalsouth.xyz\/fr\/a-propos-de-la-societe\/","url":"https:\/\/capitalsouth.xyz\/fr\/a-propos-de-la-societe\/","name":"\u00e0 propos de la soci\u00e9t\u00e9 - Capital South","isPartOf":{"@id":"https:\/\/capitalsouth.xyz\/fr\/#website"},"primaryImageOfPage":{"@id":"https:\/\/capitalsouth.xyz\/fr\/a-propos-de-la-societe\/#primaryimage"},"image":{"@id":"https:\/\/capitalsouth.xyz\/fr\/a-propos-de-la-societe\/#primaryimage"},"thumbnailUrl":"https:\/\/capitalsouthrealestate.com\/wp-content\/uploads\/2023\/06\/Capital-South-1.jpg","datePublished":"2022-05-26T19:45:36+00:00","dateModified":"2023-06-09T04:55:52+00:00","breadcrumb":{"@id":"https:\/\/capitalsouth.xyz\/fr\/a-propos-de-la-societe\/#breadcrumb"},"inLanguage":"fr-FR","potentialAction":[{"@type":"ReadAction","target":["https:\/\/capitalsouth.xyz\/fr\/a-propos-de-la-societe\/"]}]},{"@type":"ImageObject","inLanguage":"fr-FR","@id":"https:\/\/capitalsouth.xyz\/fr\/a-propos-de-la-societe\/#primaryimage","url":"https:\/\/capitalsouthrealestate.com\/wp-content\/uploads\/2023\/06\/Capital-South-1.jpg","contentUrl":"https:\/\/capitalsouthrealestate.com\/wp-content\/uploads\/2023\/06\/Capital-South-1.jpg"},{"@type":"BreadcrumbList","@id":"https:\/\/capitalsouth.xyz\/fr\/a-propos-de-la-societe\/#breadcrumb","itemListElement":[{"@type":"ListItem","position":1,"name":"Home","item":"https:\/\/capitalsouth.xyz\/fr\/"},{"@type":"ListItem","position":2,"name":"\u00e0 propos de la soci\u00e9t\u00e9"}]},{"@type":"WebSite","@id":"https:\/\/capitalsouth.xyz\/fr\/#website","url":"https:\/\/capitalsouth.xyz\/fr\/","name":"Capital South","description":"Real Estate Agent","potentialAction":[{"@type":"SearchAction","target":{"@type":"EntryPoint","urlTemplate":"https:\/\/capitalsouth.xyz\/fr\/?s={search_term_string}"},"query-input":{"@type":"PropertyValueSpecification","valueRequired":true,"valueName":"search_term_string"}}],"inLanguage":"fr-FR"}]}},"_links":{"self":[{"href":"https:\/\/capitalsouth.xyz\/fr\/wp-json\/wp\/v2\/pages\/45917","targetHints":{"allow":["GET"]}}],"collection":[{"href":"https:\/\/capitalsouth.xyz\/fr\/wp-json\/wp\/v2\/pages"}],"about":[{"href":"https:\/\/capitalsouth.xyz\/fr\/wp-json\/wp\/v2\/types\/page"}],"author":[{"embeddable":true,"href":"https:\/\/capitalsouth.xyz\/fr\/wp-json\/wp\/v2\/users\/1"}],"replies":[{"embeddable":true,"href":"https:\/\/capitalsouth.xyz\/fr\/wp-json\/wp\/v2\/comments?post=45917"}],"version-history":[{"count":0,"href":"https:\/\/capitalsouth.xyz\/fr\/wp-json\/wp\/v2\/pages\/45917\/revisions"}],"wp:attachment":[{"href":"https:\/\/capitalsouth.xyz\/fr\/wp-json\/wp\/v2\/media?parent=45917"}],"curies":[{"name":"wp","href":"https:\/\/api.w.org\/{rel}","templated":true}]}}